{"id":7320,"date":"2021-06-08T12:53:27","date_gmt":"2021-06-08T10:53:27","guid":{"rendered":"https:\/\/antigua.makinakonline.com\/universal-3-jaw-chuck-o-400-mm-coupling-asa-11-din-55026\/"},"modified":"2022-11-22T17:39:38","modified_gmt":"2022-11-22T16:39:38","slug":"universal-3-jaw-chuck-400-mm-coupling-handle-11-din-55026","status":"publish","type":"product","link":"https:\/\/makinakonline.com\/en\/universal-3-jaw-chuck-400-mm-coupling-handle-11-din-55026\/","title":{"rendered":"Universal 3 jaw chuck. \u00f8 400 mm. Coupling ASA-11 DIN-55026"},"content":{"rendered":"<p>The independent plates are manufactured in steel gray cast iron, from \u00d8300mm to \u00d8800mm.<\/p>\n<p>The claws, spindles and bolts are made of steel, treated and rectified.<\/p>\n","protected":false},"excerpt":{"rendered":"<p>Universal 3 jaw chuck. \u00f8 400 mm. Hole \u00f8 135 mm<\/p>\n<p>Coupling ASA-11 DIN-55026<\/p>\n<p>Outside claws not included<\/p>\n","protected":false},"featured_media":5047,"template":"","meta":{"_acf_changed":false,"_monsterinsights_skip_tracking":false,"_monsterinsights_sitenote_active":false,"_monsterinsights_sitenote_note":"","_monsterinsights_sitenote_category":0,"site-sidebar-layout":"default","site-content-layout":"default","ast-site-content-layout":"","site-content-style":"default","site-sidebar-style":"default","ast-global-header-display":"","ast-banner-title-visibility":"","ast-main-header-display":"","ast-hfb-above-header-display":"","ast-hfb-below-header-display":"","ast-hfb-mobile-header-display":"","site-post-title":"","ast-breadcrumbs-content":"","ast-featured-img":"","footer-sml-layout":"","theme-transparent-header-meta":"default","adv-header-id-meta":"","stick-header-meta":"","header-above-stick-meta":"","header-main-stick-meta":"","header-below-stick-meta":"","astra-migrate-meta-layouts":"default","ast-page-background-enabled":"default","ast-page-background-meta":{"desktop":{"background-color":"var(--ast-global-color-4)","background-image":"","background-repeat":"repeat","background-position":"center center","background-size":"auto","background-attachment":"scroll","background-type":"","background-media":"","overlay-type":"","overlay-color":"","overlay-opacity":"","overlay-gradient":""},"tablet":{"background-color":"","background-image":"","background-repeat":"repeat","background-position":"center center","background-size":"auto","background-attachment":"scroll","background-type":"","background-media":"","overlay-type":"","overlay-color":"","overlay-opacity":"","overlay-gradient":""},"mobile":{"background-color":"","background-image":"","background-repeat":"repeat","background-position":"center center","background-size":"auto","background-attachment":"scroll","background-type":"","background-media":"","overlay-type":"","overlay-color":"","overlay-opacity":"","overlay-gradient":""}},"ast-content-background-meta":{"desktop":{"background-color":"var(--ast-global-color-5)","background-image":"","background-repeat":"repeat","background-position":"center center","background-size":"auto","background-attachment":"scroll","background-type":"","background-media":"","overlay-type":"","overlay-color":"","overlay-opacity":"","overlay-gradient":""},"tablet":{"background-color":"var(--ast-global-color-5)","background-image":"","background-repeat":"repeat","background-position":"center center","background-size":"auto","background-attachment":"scroll","background-type":"","background-media":"","overlay-type":"","overlay-color":"","overlay-opacity":"","overlay-gradient":""},"mobile":{"background-color":"var(--ast-global-color-5)","background-image":"","background-repeat":"repeat","background-position":"center center","background-size":"auto","background-attachment":"scroll","background-type":"","background-media":"","overlay-type":"","overlay-color":"","overlay-opacity":"","overlay-gradient":""}},"_joinchat":[]},"product_cat":[741,784,786],"product_tag":[1021,1019],"class_list":{"0":"post-7320","1":"product","2":"type-product","3":"status-publish","4":"has-post-thumbnail","6":"product_cat-accessories","7":"product_cat-chucks-en","8":"product_cat-hydraulic-chucks","9":"product_tag-suscripcion-en","10":"product_tag-suscripcion","11":"pa_anchura_pieza-636","12":"pa_ano-de-fabricacion-454","13":"pa_fabricante-mkcoin","14":"pa_localizacion-espana-en","15":"desktop-align-left","16":"tablet-align-left","17":"mobile-align-left","19":"first","20":"instock","21":"sold-individually","22":"shipping-taxable","23":"purchasable","24":"product-type-simple","25":"add-to-wishlist-before_image"},"acf":[],"aioseo_notices":[],"yoast_head":"<!-- This site is optimized with the Yoast SEO plugin v24.2 - https:\/\/yoast.com\/wordpress\/plugins\/seo\/ -->\n<title>Universal 3 jaw chuck. \u00f8 400 mm. Coupling ASA-11 DIN-55026 - Makinak<\/title>\n<meta name=\"robots\" content=\"index, follow, max-snippet:-1, max-image-preview:large, max-video-preview:-1\" \/>\n<link rel=\"canonical\" href=\"https:\/\/makinakonline.com\/en\/universal-3-jaw-chuck-400-mm-coupling-handle-11-din-55026\/\" \/>\n<meta property=\"og:locale\" content=\"en_US\" \/>\n<meta property=\"og:type\" content=\"article\" \/>\n<meta property=\"og:title\" content=\"Universal 3 jaw chuck. \u00f8 400 mm. Coupling ASA-11 DIN-55026 - Makinak\" \/>\n<meta property=\"og:description\" content=\"Universal 3 jaw chuck. \u00f8 400 mm. Hole \u00f8 135 mm Coupling ASA-11 DIN-55026 Outside claws not included\" \/>\n<meta property=\"og:url\" content=\"https:\/\/makinakonline.com\/en\/universal-3-jaw-chuck-400-mm-coupling-handle-11-din-55026\/\" \/>\n<meta property=\"og:site_name\" content=\"Makinak\" \/>\n<meta property=\"article:modified_time\" content=\"2022-11-22T16:39:38+00:00\" \/>\n<meta property=\"og:image\" content=\"https:\/\/makinakonline.com\/wp-content\/uploads\/2021\/06\/9-1.jpg\" \/>\n\t<meta property=\"og:image:width\" content=\"768\" \/>\n\t<meta property=\"og:image:height\" content=\"1024\" \/>\n\t<meta property=\"og:image:type\" content=\"image\/jpeg\" \/>\n<meta name=\"twitter:card\" content=\"summary_large_image\" \/>\n<script type=\"application\/ld+json\" class=\"yoast-schema-graph\">{\"@context\":\"https:\/\/schema.org\",\"@graph\":[{\"@type\":\"WebPage\",\"@id\":\"https:\/\/makinakonline.com\/en\/universal-3-jaw-chuck-400-mm-coupling-handle-11-din-55026\/\",\"url\":\"https:\/\/makinakonline.com\/en\/universal-3-jaw-chuck-400-mm-coupling-handle-11-din-55026\/\",\"name\":\"Universal 3 jaw chuck. \u00f8 400 mm. Coupling ASA-11 DIN-55026 - Makinak\",\"isPartOf\":{\"@id\":\"https:\/\/makinakonline.com\/en\/#website\"},\"primaryImageOfPage\":{\"@id\":\"https:\/\/makinakonline.com\/en\/universal-3-jaw-chuck-400-mm-coupling-handle-11-din-55026\/#primaryimage\"},\"image\":{\"@id\":\"https:\/\/makinakonline.com\/en\/universal-3-jaw-chuck-400-mm-coupling-handle-11-din-55026\/#primaryimage\"},\"thumbnailUrl\":\"https:\/\/makinakonline.com\/wp-content\/uploads\/2021\/06\/9-1.jpg\",\"datePublished\":\"2021-06-08T10:53:27+00:00\",\"dateModified\":\"2022-11-22T16:39:38+00:00\",\"breadcrumb\":{\"@id\":\"https:\/\/makinakonline.com\/en\/universal-3-jaw-chuck-400-mm-coupling-handle-11-din-55026\/#breadcrumb\"},\"inLanguage\":\"en-US\",\"potentialAction\":[{\"@type\":\"ReadAction\",\"target\":[\"https:\/\/makinakonline.com\/en\/universal-3-jaw-chuck-400-mm-coupling-handle-11-din-55026\/\"]}]},{\"@type\":\"ImageObject\",\"inLanguage\":\"en-US\",\"@id\":\"https:\/\/makinakonline.com\/en\/universal-3-jaw-chuck-400-mm-coupling-handle-11-din-55026\/#primaryimage\",\"url\":\"https:\/\/makinakonline.com\/wp-content\/uploads\/2021\/06\/9-1.jpg\",\"contentUrl\":\"https:\/\/makinakonline.com\/wp-content\/uploads\/2021\/06\/9-1.jpg\",\"width\":768,\"height\":1024},{\"@type\":\"BreadcrumbList\",\"@id\":\"https:\/\/makinakonline.com\/en\/universal-3-jaw-chuck-400-mm-coupling-handle-11-din-55026\/#breadcrumb\",\"itemListElement\":[{\"@type\":\"ListItem\",\"position\":1,\"name\":\"Inicio\",\"item\":\"https:\/\/makinakonline.com\/en\/\"},{\"@type\":\"ListItem\",\"position\":2,\"name\":\"Products\",\"item\":\"https:\/\/makinakonline.com\/en\/shop\/\"},{\"@type\":\"ListItem\",\"position\":3,\"name\":\"Universal 3 jaw chuck. \u00f8 400 mm. Coupling ASA-11 DIN-55026\"}]},{\"@type\":\"WebSite\",\"@id\":\"https:\/\/makinakonline.com\/en\/#website\",\"url\":\"https:\/\/makinakonline.com\/en\/\",\"name\":\"Makinak\",\"description\":\"Maquinaria nueva, Km 0 y segunda mano de entrega inmediata\",\"publisher\":{\"@id\":\"https:\/\/makinakonline.com\/en\/#organization\"},\"potentialAction\":[{\"@type\":\"SearchAction\",\"target\":{\"@type\":\"EntryPoint\",\"urlTemplate\":\"https:\/\/makinakonline.com\/en\/?s={search_term_string}\"},\"query-input\":{\"@type\":\"PropertyValueSpecification\",\"valueRequired\":true,\"valueName\":\"search_term_string\"}}],\"inLanguage\":\"en-US\"},{\"@type\":\"Organization\",\"@id\":\"https:\/\/makinakonline.com\/en\/#organization\",\"name\":\"Makinak\",\"url\":\"https:\/\/makinakonline.com\/en\/\",\"logo\":{\"@type\":\"ImageObject\",\"inLanguage\":\"en-US\",\"@id\":\"https:\/\/makinakonline.com\/en\/#\/schema\/logo\/image\/\",\"url\":\"https:\/\/makinakonline.com\/wp-content\/uploads\/2020\/10\/logo-makinak-minimo.svg\",\"contentUrl\":\"https:\/\/makinakonline.com\/wp-content\/uploads\/2020\/10\/logo-makinak-minimo.svg\",\"width\":1,\"height\":1,\"caption\":\"Makinak\"},\"image\":{\"@id\":\"https:\/\/makinakonline.com\/en\/#\/schema\/logo\/image\/\"}}]}<\/script>\n<!-- \/ Yoast SEO plugin. -->","yoast_head_json":{"title":"Universal 3 jaw chuck. \u00f8 400 mm. Coupling ASA-11 DIN-55026 - Makinak","robots":{"index":"index","follow":"follow","max-snippet":"max-snippet:-1","max-image-preview":"max-image-preview:large","max-video-preview":"max-video-preview:-1"},"canonical":"https:\/\/makinakonline.com\/en\/universal-3-jaw-chuck-400-mm-coupling-handle-11-din-55026\/","og_locale":"en_US","og_type":"article","og_title":"Universal 3 jaw chuck. \u00f8 400 mm. Coupling ASA-11 DIN-55026 - Makinak","og_description":"Universal 3 jaw chuck. \u00f8 400 mm. Hole \u00f8 135 mm Coupling ASA-11 DIN-55026 Outside claws not included","og_url":"https:\/\/makinakonline.com\/en\/universal-3-jaw-chuck-400-mm-coupling-handle-11-din-55026\/","og_site_name":"Makinak","article_modified_time":"2022-11-22T16:39:38+00:00","og_image":[{"width":768,"height":1024,"url":"https:\/\/makinakonline.com\/wp-content\/uploads\/2021\/06\/9-1.jpg","type":"image\/jpeg"}],"twitter_card":"summary_large_image","schema":{"@context":"https:\/\/schema.org","@graph":[{"@type":"WebPage","@id":"https:\/\/makinakonline.com\/en\/universal-3-jaw-chuck-400-mm-coupling-handle-11-din-55026\/","url":"https:\/\/makinakonline.com\/en\/universal-3-jaw-chuck-400-mm-coupling-handle-11-din-55026\/","name":"Universal 3 jaw chuck. \u00f8 400 mm. Coupling ASA-11 DIN-55026 - Makinak","isPartOf":{"@id":"https:\/\/makinakonline.com\/en\/#website"},"primaryImageOfPage":{"@id":"https:\/\/makinakonline.com\/en\/universal-3-jaw-chuck-400-mm-coupling-handle-11-din-55026\/#primaryimage"},"image":{"@id":"https:\/\/makinakonline.com\/en\/universal-3-jaw-chuck-400-mm-coupling-handle-11-din-55026\/#primaryimage"},"thumbnailUrl":"https:\/\/makinakonline.com\/wp-content\/uploads\/2021\/06\/9-1.jpg","datePublished":"2021-06-08T10:53:27+00:00","dateModified":"2022-11-22T16:39:38+00:00","breadcrumb":{"@id":"https:\/\/makinakonline.com\/en\/universal-3-jaw-chuck-400-mm-coupling-handle-11-din-55026\/#breadcrumb"},"inLanguage":"en-US","potentialAction":[{"@type":"ReadAction","target":["https:\/\/makinakonline.com\/en\/universal-3-jaw-chuck-400-mm-coupling-handle-11-din-55026\/"]}]},{"@type":"ImageObject","inLanguage":"en-US","@id":"https:\/\/makinakonline.com\/en\/universal-3-jaw-chuck-400-mm-coupling-handle-11-din-55026\/#primaryimage","url":"https:\/\/makinakonline.com\/wp-content\/uploads\/2021\/06\/9-1.jpg","contentUrl":"https:\/\/makinakonline.com\/wp-content\/uploads\/2021\/06\/9-1.jpg","width":768,"height":1024},{"@type":"BreadcrumbList","@id":"https:\/\/makinakonline.com\/en\/universal-3-jaw-chuck-400-mm-coupling-handle-11-din-55026\/#breadcrumb","itemListElement":[{"@type":"ListItem","position":1,"name":"Inicio","item":"https:\/\/makinakonline.com\/en\/"},{"@type":"ListItem","position":2,"name":"Products","item":"https:\/\/makinakonline.com\/en\/shop\/"},{"@type":"ListItem","position":3,"name":"Universal 3 jaw chuck. \u00f8 400 mm. Coupling ASA-11 DIN-55026"}]},{"@type":"WebSite","@id":"https:\/\/makinakonline.com\/en\/#website","url":"https:\/\/makinakonline.com\/en\/","name":"Makinak","description":"Maquinaria nueva, Km 0 y segunda mano de entrega inmediata","publisher":{"@id":"https:\/\/makinakonline.com\/en\/#organization"},"potentialAction":[{"@type":"SearchAction","target":{"@type":"EntryPoint","urlTemplate":"https:\/\/makinakonline.com\/en\/?s={search_term_string}"},"query-input":{"@type":"PropertyValueSpecification","valueRequired":true,"valueName":"search_term_string"}}],"inLanguage":"en-US"},{"@type":"Organization","@id":"https:\/\/makinakonline.com\/en\/#organization","name":"Makinak","url":"https:\/\/makinakonline.com\/en\/","logo":{"@type":"ImageObject","inLanguage":"en-US","@id":"https:\/\/makinakonline.com\/en\/#\/schema\/logo\/image\/","url":"https:\/\/makinakonline.com\/wp-content\/uploads\/2020\/10\/logo-makinak-minimo.svg","contentUrl":"https:\/\/makinakonline.com\/wp-content\/uploads\/2020\/10\/logo-makinak-minimo.svg","width":1,"height":1,"caption":"Makinak"},"image":{"@id":"https:\/\/makinakonline.com\/en\/#\/schema\/logo\/image\/"}}]}},"_links":{"self":[{"href":"https:\/\/makinakonline.com\/en\/wp-json\/wp\/v2\/product\/7320","targetHints":{"allow":["GET"]}}],"collection":[{"href":"https:\/\/makinakonline.com\/en\/wp-json\/wp\/v2\/product"}],"about":[{"href":"https:\/\/makinakonline.com\/en\/wp-json\/wp\/v2\/types\/product"}],"wp:featuredmedia":[{"embeddable":true,"href":"https:\/\/makinakonline.com\/en\/wp-json\/wp\/v2\/media\/5047"}],"wp:attachment":[{"href":"https:\/\/makinakonline.com\/en\/wp-json\/wp\/v2\/media?parent=7320"}],"wp:term":[{"taxonomy":"product_cat","embeddable":true,"href":"https:\/\/makinakonline.com\/en\/wp-json\/wp\/v2\/product_cat?post=7320"},{"taxonomy":"product_tag","embeddable":true,"href":"https:\/\/makinakonline.com\/en\/wp-json\/wp\/v2\/product_tag?post=7320"}],"curies":[{"name":"wp","href":"https:\/\/api.w.org\/{rel}","templated":true}]}}